{"id":46,"date":"2021-05-10T14:44:50","date_gmt":"2021-05-10T14:44:50","guid":{"rendered":"http:\/\/www.sinankumlamamakineleri.com\/?page_id=46"},"modified":"2021-05-10T17:48:38","modified_gmt":"2021-05-10T17:48:38","slug":"sarf-malzemeleri","status":"publish","type":"page","link":"https:\/\/www.sinankumlamamakineleri.com\/index.php\/sarf-malzemeleri\/","title":{"rendered":"Sarf Malzemeleri"},"content":{"rendered":"\t\t<div data-elementor-type=\"wp-page\" data-elementor-id=\"46\" class=\"elementor elementor-46\">\n\t\t\t\t\t\t\t\t\t<section class=\"elementor-section elementor-top-section elementor-element elementor-element-2be45f1e elementor-section-content-middle elementor-section-boxed elementor-section-height-default elementor-section-height-default\" data-id=\"2be45f1e\" data-element_type=\"section\" data-settings=\"{&quot;background_background&quot;:&quot;classic&quot;}\">\n\t\t\t\t\t\t<div class=\"elementor-container elementor-column-gap-no\">\n\t\t\t\t\t<div class=\"elementor-column elementor-col-100 elementor-top-column elementor-element elementor-element-18a21b4e\" data-id=\"18a21b4e\" data-element_type=\"column\">\n\t\t\t<div class=\"elementor-widget-wrap elementor-element-populated\">\n\t\t\t\t\t\t\t\t<div class=\"elementor-element elementor-element-56460765 elementor-widget elementor-widget-heading\" data-id=\"56460765\" data-element_type=\"widget\" data-widget_type=\"heading.default\">\n\t\t\t\t<div class=\"elementor-widget-container\">\n\t\t\t<h4 class=\"elementor-heading-title elementor-size-default\">\t\nSARF MALZEMELER<\/h4>\t\t<\/div>\n\t\t\t\t<\/div>\n\t\t\t\t<div class=\"elementor-element elementor-element-67a2a0e7 elementor-widget elementor-widget-heading\" data-id=\"67a2a0e7\" data-element_type=\"widget\" data-widget_type=\"heading.default\">\n\t\t\t\t<div class=\"elementor-widget-container\">\n\t\t\t<h5 class=\"elementor-heading-title elementor-size-default\">Kalite ve Hizmet<\/h5>\t\t<\/div>\n\t\t\t\t<\/div>\n\t\t\t\t\t<\/div>\n\t\t<\/div>\n\t\t\t\t\t\t\t<\/div>\n\t\t<\/section>\n\t\t\t\t<section class=\"elementor-section elementor-top-section elementor-element elementor-element-8115507 elementor-section-boxed elementor-section-height-default elementor-section-height-default\" data-id=\"8115507\" data-element_type=\"section\">\n\t\t\t\t\t\t<div class=\"elementor-container elementor-column-gap-default\">\n\t\t\t\t\t<div class=\"elementor-column elementor-col-50 elementor-top-column elementor-element elementor-element-f024728\" data-id=\"f024728\" data-element_type=\"column\">\n\t\t\t<div class=\"elementor-widget-wrap elementor-element-populated\">\n\t\t\t\t\t\t\t\t<div class=\"elementor-element elementor-element-12ab030 elementor-widget elementor-widget-toggle\" data-id=\"12ab030\" data-element_type=\"widget\" data-widget_type=\"toggle.default\">\n\t\t\t\t<div class=\"elementor-widget-container\">\n\t\t\t\t\t<div class=\"elementor-toggle\" role=\"tablist\">\n\t\t\t\t\t\t\t<div class=\"elementor-toggle-item\">\n\t\t\t\t\t<div id=\"elementor-tab-title-1951\" class=\"elementor-tab-title\" data-tab=\"1\" role=\"tab\" aria-controls=\"elementor-tab-content-1951\" aria-expanded=\"false\">\n\t\t\t\t\t\t\t\t\t\t\t\t<span class=\"elementor-toggle-icon elementor-toggle-icon-right\" aria-hidden=\"true\">\n\t\t\t\t\t\t\t\t\t\t\t\t\t\t\t<span class=\"elementor-toggle-icon-closed\"><i class=\"fas fa-caret-right\"><\/i><\/span>\n\t\t\t\t\t\t\t\t<span class=\"elementor-toggle-icon-opened\"><i class=\"elementor-toggle-icon-opened fas fa-caret-up\"><\/i><\/span>\n\t\t\t\t\t\t\t\t\t\t\t\t\t<\/span>\n\t\t\t\t\t\t\t\t\t\t\t\t<a href=\"\" class=\"elementor-toggle-title\">\u00c7elik Bilyeler<\/a>\n\t\t\t\t\t<\/div>\n\n\t\t\t\t\t<div id=\"elementor-tab-content-1951\" class=\"elementor-tab-content elementor-clearfix\" data-tab=\"1\" role=\"tabpanel\" aria-labelledby=\"elementor-tab-title-1951\"><img decoding=\"async\" loading=\"lazy\" class=\"alignnone size-medium wp-image-257\" src=\"http:\/\/www.sinankumlamamakineleri.com\/wp-content\/uploads\/2021\/05\/Celik_Bilyalar_alp-kum.com_31-300x109.jpg\" alt=\"\u00c7elik bilye\" width=\"450\" height=\"200\" \/>\n\nFarkl\u0131 kullan\u0131m alanlar\u0131na sahip olan\u00a0<strong>\u00e7elik bilyalar<\/strong>, kaliteli malzeme yap\u0131s\u0131 ile \u00f6zel \u00fcretim alt\u0131nda haz\u0131rlanmaktad\u0131r. \u00d6zellikle de\u011fi\u015fik kumlama i\u015flerinde yo\u011fun olarak de\u011ferlendiriliyor. Bu konuda metalik bir yap\u0131yla kumlama a\u015f\u0131nd\u0131r\u0131c\u0131s\u0131 olarak \u00f6ne \u00e7\u0131kt\u0131\u011f\u0131n\u0131 s\u00f6ylemek m\u00fcmk\u00fcn. D\u00fc\u015f\u00fck karbonlu ya da y\u00fcksek karbonlu olmak \u00fczere iki farkl\u0131 tasar\u0131m \u00fczerinden \u00fcretimleri sa\u011flanmaktad\u0131r. Bu gibi \u00fcretimler amaca ve kullan\u0131m alanlar\u0131na ba\u011fl\u0131 olarak de\u011fi\u015fkenlik g\u00f6sterir.\n<h2>\u00a0\u00c7elik Bilya \u00dcretimi<\/h2>\nPek \u00e7ok farkl\u0131 amaca hizmet edecek \u015fekilde tasar\u0131m\u0131 ger\u00e7ekle\u015ftirilen\u00a0<strong>\u00e7elik bilyalar<\/strong>\u00a0i\u00e7in, \u00f6nemli olan kaliteli malzeme alt\u0131nda dayan\u0131kl\u0131 bir yap\u0131 olu\u015fturmas\u0131d\u0131r. Genel olarak en d\u00fc\u015f\u00fck ve en y\u00fcksek karbonlu \u00e7elik bilyalar\u0131n \u00fcretimi ayn\u0131d\u0131r. Buradaki tek fark \u00fcretim an\u0131nda kullan\u0131lan hurdan\u0131n bile\u015fimi oldu\u011funu s\u00f6ylemek m\u00fcmk\u00fcn.\n\nBu konuda \u00e7elik hurdalar end\u00fcksiyon ocaklar\u0131nda ergitilmek suretiyle, atomizasyonun ard\u0131ndan suda so\u011futulmas\u0131 ile beraber \u00fcretimden ge\u00e7er. A\u015famal\u0131 \u015fekilde ele al\u0131nan \u00e7al\u0131\u015fmalar neticesinde, dayan\u0131kl\u0131 ve kullan\u0131lacak alana uyum sa\u011flayacak tasar\u0131m haz\u0131rlan\u0131r.\n<h3>\u00a0Farkl\u0131 Yap\u0131lar \u0130\u00e7in \u00c7elik Bilyalar<\/h3>\nG\u00fcn\u00fcm\u00fczde daha sa\u011flam yap\u0131lar olu\u015fturulmas\u0131 i\u00e7in\u00a0<strong>\u00e7elik bilyalar<\/strong>\u00a0b\u00fcy\u00fck \u00f6neme sahiptir. Geni\u015f bir alanda kullan\u0131m\u0131 ger\u00e7ekle\u015ftirilen bilyalar, \u00e7elik yap\u0131s\u0131 ile \u00f6zel \u00fcretim alt\u0131nda dayan\u0131kl\u0131l\u0131k sa\u011flamaktad\u0131r. Metalik yap\u0131 alt\u0131nda bir kumlama a\u015f\u0131nd\u0131r\u0131c\u0131s\u0131 olarak de\u011ferlendirilen bilya \u00e7e\u015fitleri, yayg\u0131n olarak kullan\u0131lan \u00e7elik tasar\u0131mlar olarak \u00f6ne \u00e7\u0131k\u0131yor.\n\nYap\u0131y\u0131 g\u00fc\u00e7lendirerek zeminin daha sa\u011flam bir etki elde etmesine olanak tan\u0131maktad\u0131r. \u00d6zellikle pek \u00e7ok de\u011fi\u015fik kumlama i\u015fleminde olduk\u00e7a fazla de\u011ferlendiriliyor. Malzeme yap\u0131s\u0131 ile do\u011fru planlama e\u015fli\u011finde uzman kadro ile haz\u0131rlanan bilyalar, g\u00fcvenli \u015fekilde temin edilebilir ve gerekli olan alanda kullan\u0131labilir.\n<h3>\u00a0Farkl\u0131 \u00dcretimleri ile \u00c7elik Bilyalar<\/h3>\nY\u00fcksek karbon ya da d\u00fc\u015f\u00fck karbon modern yap\u0131lar \u00fczerinden \u00e7elik bilya \u00fcretimi sa\u011flanmaktad\u0131r. Ergitme i\u015flemi an\u0131nda d\u00fc\u015f\u00fck karbonlu malzeme kullan\u0131ld\u0131\u011f\u0131 zaman so\u011futman\u0131n ard\u0131ndan yap\u0131 beynetik olur. B\u00f6yle durumlarda ayr\u0131 bir \u0131s\u0131l i\u015fleme gerek duyulmaz. Ancak s\u00f6z konusu y\u00fcksek karbona sahip hurda kullan\u0131m\u0131 oldu\u011fu zaman, so\u011futman\u0131n ard\u0131ndan yap\u0131 martensitik hale gelir.\n\nBu ger\u00e7ekle\u015ftirildi\u011finde ayr\u0131 bir \u0131s\u0131l i\u015flem yap\u0131lmas\u0131 b\u00fcy\u00fck \u00f6neme sahiptir. Do\u011fru ellerde ve uzman kadro e\u015fli\u011finde \u00fcretimleri yap\u0131lan \u00e7elik bilya \u00fcr\u00fcnleri, kullan\u0131lan alanda daha sa\u011flam ve kaliteli yap\u0131lar\u0131n olu\u015fmas\u0131na imkan vermektedir.<\/div>\n\t\t\t\t<\/div>\n\t\t\t\t\t\t\t\t<\/div>\n\t\t\t\t<\/div>\n\t\t\t\t<\/div>\n\t\t\t\t\t<\/div>\n\t\t<\/div>\n\t\t\t\t<div class=\"elementor-column elementor-col-50 elementor-top-column elementor-element elementor-element-87d3ede\" data-id=\"87d3ede\" data-element_type=\"column\">\n\t\t\t<div class=\"elementor-widget-wrap elementor-element-populated\">\n\t\t\t\t\t\t\t\t<div class=\"elementor-element elementor-element-3aac89d elementor-widget elementor-widget-toggle\" data-id=\"3aac89d\" data-element_type=\"widget\" data-widget_type=\"toggle.default\">\n\t\t\t\t<div class=\"elementor-widget-container\">\n\t\t\t\t\t<div class=\"elementor-toggle\" role=\"tablist\">\n\t\t\t\t\t\t\t<div class=\"elementor-toggle-item\">\n\t\t\t\t\t<div id=\"elementor-tab-title-6151\" class=\"elementor-tab-title\" data-tab=\"1\" role=\"tab\" aria-controls=\"elementor-tab-content-6151\" aria-expanded=\"false\">\n\t\t\t\t\t\t\t\t\t\t\t\t<span class=\"elementor-toggle-icon elementor-toggle-icon-right\" aria-hidden=\"true\">\n\t\t\t\t\t\t\t\t\t\t\t\t\t\t\t<span class=\"elementor-toggle-icon-closed\"><i class=\"fas fa-caret-right\"><\/i><\/span>\n\t\t\t\t\t\t\t\t<span class=\"elementor-toggle-icon-opened\"><i class=\"elementor-toggle-icon-opened fas fa-caret-up\"><\/i><\/span>\n\t\t\t\t\t\t\t\t\t\t\t\t\t<\/span>\n\t\t\t\t\t\t\t\t\t\t\t\t<a href=\"\" class=\"elementor-toggle-title\">\u00c7elik Gritler<\/a>\n\t\t\t\t\t<\/div>\n\n\t\t\t\t\t<div id=\"elementor-tab-content-6151\" class=\"elementor-tab-content elementor-clearfix\" data-tab=\"1\" role=\"tabpanel\" aria-labelledby=\"elementor-tab-title-6151\"><img decoding=\"async\" loading=\"lazy\" class=\"alignnone size-medium wp-image-257\" src=\"http:\/\/www.sinankumlamamakineleri.com\/wp-content\/uploads\/2021\/05\/Celik_Bilyalar_alp-kum.com_31-300x109.jpg\" alt=\"\u00c7elik bilye\" width=\"450\" height=\"200\" \/>\n\n\u00c7elik gritlerin kullan\u0131m alanlar\u0131 olduk\u00e7a fazlad\u0131r. \u00d6zellikle y\u00fcksek dayan\u0131kl\u0131l\u0131k gerektiren sekt\u00f6rlerde \u00c7elik Grit \u00e7e\u015fitleri daha \u00e7ok tercih edilmektedir. \u00c7\u00fcnk\u00fc \u00e7elik gritlerin hepsi y\u00fcksek \u0131s\u0131ya ve d\u0131\u015f etkenlere kar\u015f\u0131 dayan\u0131kl\u0131l\u0131k g\u00f6stermektedir. Olduk\u00e7a sert bir yap\u0131ya da sahip olan bu \u00fcr\u00fcnler kullan\u0131m ama\u00e7lar\u0131na g\u00f6re birbirlerinden ayr\u0131l\u0131rlar.\n\n\u00c7elik gritlerin her biri \u00e7elik bilyalar\u0131ndan elde edilmektedir. \u00c7elik bilyalar \u0131s\u0131l i\u015flem g\u00f6rerek, k\u0131r\u0131l\u0131r ve \u00e7elik gritler \u00fcretilir. Bu \u00e7elik bilyalar\u0131n her biri y\u00fcksek derecede karbon i\u00e7ermektedir. \u00dcretilen \u00e7elik gritler kullan\u0131m alan\u0131na ve amac\u0131na g\u00f6re de farkl\u0131 \u015fekilde tercih edilir. \u00dcr\u00fcn nerede kullan\u0131lacaksa o sekt\u00f6re uygun \u00e7elik grit tercih etmek gerekir.\n<h5>\u00a0\u00c7elik Gritlerin Kullan\u0131m Ama\u00e7lar\u0131<\/h5>\n<strong>\u00c7elik gritler<\/strong>\u00a03 farkl\u0131 amaca hizmet etmek i\u00e7in \u00fcretilir. Bu \u00fcretimler asl\u0131nda \u00e7elik gritlerin \u00e7e\u015fitlerini de olu\u015fturur.\u00a0<strong>\u00c7elik gritler\u00a0<\/strong>ve \u00e7e\u015fitleri ise \u015fu \u015fekildedir;\n\n1- GP \u00c7elik Grit \u00c7e\u015fidi: GP \u00e7elik grit \u00e7e\u015fitleri di\u011fer \u00e7e\u015fitlere g\u00f6re daha yumu\u015fak bir yap\u0131dad\u0131r. Sertlik durumlar\u0131 40-50 HRC ile ifade edilir. Keskin ve daha \u00e7ok k\u00f6\u015feli bir yap\u0131s\u0131 vard\u0131r. Fakat s\u00fcrekli kullan\u0131m s\u0131ras\u0131nda bu yap\u0131 kaybolmaktad\u0131r. Genellikle bu \u00e7e\u015fitler sekt\u00f6rlerde temizleme ama\u00e7l\u0131 olarak tercih edilir.\n\n2- GL \u00c7elik Grit \u00c7e\u015fidi: GL \u00e7elik grit \u00e7e\u015fitleri sertlik olarak 50-60 HRC olarak belirtilir. Olduk\u00e7a keskin ve k\u00f6\u015felidir. GP \u00e7elik grit kadar olmasa da s\u0131k kullan\u0131m sonras\u0131nda k\u00f6\u015feli ve keskin \u00f6zelli\u011fini kaybeder. \u00c7o\u011funlukla y\u00fczey haz\u0131rlamada ve boyama gibi i\u015flevlerde kullan\u0131l\u0131r.\n\n3- GH \u00c7elik Grit \u00c7e\u015fidi: GH \u00e7elik gritler sertlik bak\u0131m\u0131ndan 60-66 HRC \u00f6l\u00e7\u00fcs\u00fcndedir. En \u00e7ok sertli\u011fe sahip \u00e7elik grit t\u00fcr\u00fcd\u00fcr. Keskinlik ve k\u00f6\u015felilik \u00f6zelli\u011fini kaybetmez. Y\u00fczey temizli\u011fi ile y\u00fczey p\u00fcr\u00fczlendirme i\u015flevlerinde tercih edilir. Granit kesim i\u015flemleri i\u00e7in de GH \u00e7elik gritler kullan\u0131l\u0131r.\n<h5>\u00a0\u00c7elik Gritler ve Kullan\u0131m Alanlar\u0131<\/h5>\n<strong>\u00c7elik gritler<\/strong>\u00a0kullan\u0131m alan\u0131 a\u00e7\u0131s\u0131ndan olduk\u00e7a geni\u015f bir sekt\u00f6re yay\u0131lm\u0131\u015ft\u0131r. \u00d6zellikle Baraj, gemi ve kaplama sekt\u00f6rlerinde kullan\u0131l\u0131r. En fazla ise barajlar\u0131n boru hatlar\u0131n\u0131 d\u00fczenleme, onarma ve bak\u0131m i\u015flemlerinde gritler kumlama yapmak i\u00e7in tercih edilir. Bununla beraber gemi saclar\u0131n\u0131 d\u00fczenleme ve boyamada ayr\u0131ca granik kesme i\u015flemlerinde tercih edilir.\n\nSon zamanlarda ise konteyner i\u015flemlerinde boyamada ve t\u00fcp y\u00fczeylerini p\u00fcr\u00fczlendirme a\u015famalar\u0131nda \u00e7elik gritler tercih edilir.<\/div>\n\t\t\t\t<\/div>\n\t\t\t\t\t\t\t\t<\/div>\n\t\t\t\t<\/div>\n\t\t\t\t<\/div>\n\t\t\t\t\t<\/div>\n\t\t<\/div>\n\t\t\t\t\t\t\t<\/div>\n\t\t<\/section>\n\t\t\t\t\t\t\t<\/div>\n\t\t","protected":false},"excerpt":{"rendered":"<p>SARF MALZEMELER Kalite ve Hizmet \u00c7elik Bilyeler Farkl\u0131 kullan\u0131m alanlar\u0131na sahip olan\u00a0\u00e7elik bilyalar, kaliteli malzeme yap\u0131s\u0131 ile \u00f6zel \u00fcretim alt\u0131nda haz\u0131rlanmaktad\u0131r. \u00d6zellikle de\u011fi\u015fik kumlama i\u015flerinde yo\u011fun olarak de\u011ferlendiriliyor. Bu konuda metalik bir yap\u0131yla kumlama a\u015f\u0131nd\u0131r\u0131c\u0131s\u0131 olarak \u00f6ne \u00e7\u0131kt\u0131\u011f\u0131n\u0131 s\u00f6ylemek m\u00fcmk\u00fcn. D\u00fc\u015f\u00fck karbonlu ya da y\u00fcksek karbonlu olmak \u00fczere iki farkl\u0131 tasar\u0131m \u00fczerinden \u00fcretimleri sa\u011flanmaktad\u0131r. Bu [&hellip;]<\/p>\n","protected":false},"author":1,"featured_media":0,"parent":0,"menu_order":0,"comment_status":"closed","ping_status":"closed","template":"","meta":[],"_links":{"self":[{"href":"https:\/\/www.sinankumlamamakineleri.com\/index.php\/wp-json\/wp\/v2\/pages\/46"}],"collection":[{"href":"https:\/\/www.sinankumlamamakineleri.com\/index.php\/wp-json\/wp\/v2\/pages"}],"about":[{"href":"https:\/\/www.sinankumlamamakineleri.com\/index.php\/wp-json\/wp\/v2\/types\/page"}],"author":[{"embeddable":true,"href":"https:\/\/www.sinankumlamamakineleri.com\/index.php\/wp-json\/wp\/v2\/users\/1"}],"replies":[{"embeddable":true,"href":"https:\/\/www.sinankumlamamakineleri.com\/index.php\/wp-json\/wp\/v2\/comments?post=46"}],"version-history":[{"count":8,"href":"https:\/\/www.sinankumlamamakineleri.com\/index.php\/wp-json\/wp\/v2\/pages\/46\/revisions"}],"predecessor-version":[{"id":450,"href":"https:\/\/www.sinankumlamamakineleri.com\/index.php\/wp-json\/wp\/v2\/pages\/46\/revisions\/450"}],"wp:attachment":[{"href":"https:\/\/www.sinankumlamamakineleri.com\/index.php\/wp-json\/wp\/v2\/media?parent=46"}],"curies":[{"name":"wp","href":"https:\/\/api.w.org\/{rel}","templated":true}]}}